{"id":87,"date":"2022-08-11T21:29:13","date_gmt":"2022-08-12T02:29:13","guid":{"rendered":"https:\/\/tecnotex.pe\/?page_id=87"},"modified":"2023-12-21T19:45:26","modified_gmt":"2023-12-22T00:45:26","slug":"nosotros-2","status":"publish","type":"page","link":"https:\/\/tecnotex.pe\/index.php\/nosotros-2\/","title":{"rendered":"Nosotros"},"content":{"rendered":"<div class=\"wp-block-image\">\n<figure class=\"alignright size-large is-resized\"><img loading=\"lazy\" decoding=\"async\" width=\"2560\" height=\"1920\" src=\"https:\/\/tecnotex.pe\/wp-content\/uploads\/2023\/12\/IMG_20210805_135458-edited-1-scaled.jpg\" alt=\"\" class=\"wp-image-157\" style=\"width:403px;height:auto\" srcset=\"https:\/\/tecnotex.pe\/wp-content\/uploads\/2023\/12\/IMG_20210805_135458-edited-1-scaled.jpg 2560w, https:\/\/tecnotex.pe\/wp-content\/uploads\/2023\/12\/IMG_20210805_135458-edited-1-300x225.jpg 300w, https:\/\/tecnotex.pe\/wp-content\/uploads\/2023\/12\/IMG_20210805_135458-edited-1-1024x768.jpg 1024w, https:\/\/tecnotex.pe\/wp-content\/uploads\/2023\/12\/IMG_20210805_135458-edited-1-768x576.jpg 768w, https:\/\/tecnotex.pe\/wp-content\/uploads\/2023\/12\/IMG_20210805_135458-edited-1-1536x1152.jpg 1536w, https:\/\/tecnotex.pe\/wp-content\/uploads\/2023\/12\/IMG_20210805_135458-edited-1-2048x1536.jpg 2048w, https:\/\/tecnotex.pe\/wp-content\/uploads\/2023\/12\/IMG_20210805_135458-edited-1-1320x990.jpg 1320w, https:\/\/tecnotex.pe\/wp-content\/uploads\/2023\/12\/IMG_20210805_135458-edited-1-600x450.jpg 600w\" sizes=\"auto, (max-width: 2560px) 100vw, 2560px\" \/><\/figure>\n<\/div>\n\n\n<p>Tecnotex, una marca fundada en 2019, representa el compromiso con la revitalizaci\u00f3n de la industria textil-alpaquera en Per\u00fa. Desde nuestros inicios, nos hemos dedicado al dise\u00f1o y la comercializaci\u00f3n de maquinaria innovadora, abriendo nuevas posibilidades para los peque\u00f1os productores. <\/p>\n\n\n\n<p><strong><em>Historia y Valores:<\/em><\/strong> Con un enfoque arraigado en la equidad y el respeto por el medio ambiente, hemos construido una historia de desarrollo tecnol\u00f3gico y social. Nos enorgullece haber superado barreras, ofreciendo maquinaria de calidad y estableciendo programas de capacitaci\u00f3n para m\u00e1s de 5000 beneficiarios. Nuestros valores fundamentales de innovaci\u00f3n, accesibilidad y sostenibilidad gu\u00edan cada paso, desde el dise\u00f1o de las m\u00e1quinas hasta las alianzas con comunidades locales.<\/p>\n\n\n\n<p><strong><em>Impacto y Futuro:<\/em><\/strong> El impacto de Tecnotex se mide no solo en n\u00fameros, sino en la transformaci\u00f3n tangible de vidas y comunidades. Hemos allanado el camino hacia un futuro donde la tradici\u00f3n artesanal se fusiona con la tecnolog\u00eda sostenible. Miramos hacia adelante con la determinaci\u00f3n de seguir siendo l\u00edderes en el desarrollo de maquinaria textil, abrazando la responsabilidad social y ambiental para impulsar un cambio duradero en el tejido mismo de nuestras comunidades.<\/p>\n\n\n\n<div class=\"wp-block-cover aligncenter has-custom-content-position is-position-top-center wp-duotone-unset-1\" style=\"min-height:290px;aspect-ratio:unset;\"><span aria-hidden=\"true\" class=\"wp-block-cover__background has-background-dim\"><\/span><img loading=\"lazy\" decoding=\"async\" width=\"1024\" height=\"85\" class=\"wp-block-cover__image-background wp-image-172\" alt=\"\" src=\"https:\/\/tecnotex.pe\/wp-content\/uploads\/2023\/12\/Diseno-sin-titulo-2-1024x85.png\" data-object-fit=\"cover\" srcset=\"https:\/\/tecnotex.pe\/wp-content\/uploads\/2023\/12\/Diseno-sin-titulo-2-1024x85.png 1024w, https:\/\/tecnotex.pe\/wp-content\/uploads\/2023\/12\/Diseno-sin-titulo-2-300x25.png 300w, https:\/\/tecnotex.pe\/wp-content\/uploads\/2023\/12\/Diseno-sin-titulo-2-768x64.png 768w, https:\/\/tecnotex.pe\/wp-content\/uploads\/2023\/12\/Diseno-sin-titulo-2-600x50.png 600w, https:\/\/tecnotex.pe\/wp-content\/uploads\/2023\/12\/Diseno-sin-titulo-2.png 1200w\" sizes=\"auto, (max-width: 1024px) 100vw, 1024px\" \/><div class=\"wp-block-cover__inner-container is-layout-flow wp-block-cover-is-layout-flow\">\n<div class=\"wp-block-columns is-layout-flex wp-container-core-columns-is-layout-9d6595d7 wp-block-columns-is-layout-flex\">\n<div class=\"wp-block-column is-layout-flow wp-block-column-is-layout-flow\">\n<p><strong><em>MISI\u00d3N<\/em><\/strong><\/p>\n\n\n\n<p>Mejorar la calidad de vida de peque\u00f1os productores mediante la creaci\u00f3n y distribuci\u00f3n de maquinaria innovadora en el sector textil-alpaquero.<\/p>\n<\/div>\n\n\n\n<div class=\"wp-block-column is-layout-flow wp-block-column-is-layout-flow\">\n<p><strong><em>VISI\u00d3N<\/em><\/strong><\/p>\n\n\n\n<p>Facilitar el acceso a tecnolog\u00edas sostenibles para comunidades textiles-alpaqueras, impulsando el desarrollo equitativo y respetuoso con el medio ambiente.<\/p>\n<\/div>\n\n\n\n<div class=\"wp-block-column is-layout-flow wp-block-column-is-layout-flow\">\n<div class=\"wp-block-group is-vertical is-layout-flex wp-container-core-group-is-layout-8cf370e7 wp-block-group-is-layout-flex\">\n<p><strong><em>VALORES<\/em><\/strong><\/p>\n\n\n\n<ul class=\"wp-block-list\">\n<li>Innovaci\u00f3n<\/li>\n<\/ul>\n\n\n\n<ul class=\"wp-block-list\">\n<li>Accesibilidad<\/li>\n<\/ul>\n\n\n\n<ul class=\"wp-block-list\">\n<li>Sostenibilidad<\/li>\n<\/ul>\n\n\n\n<ul class=\"wp-block-list\">\n<li>Calidad<\/li>\n<\/ul>\n<\/div>\n<\/div>\n<\/div>\n<\/div><\/div>\n\n\n\n<div class=\"wp-block-group is-vertical is-layout-flex wp-container-core-group-is-layout-8cf370e7 wp-block-group-is-layout-flex\"><\/div>\n","protected":false},"excerpt":{"rendered":"<p>Tecnotex, una marca fundada en 2019, representa el compromiso con la revitalizaci\u00f3n de la industria textil-alpaquera en Per\u00fa. Desde nuestros inicios, nos hemos dedicado al dise\u00f1o y la comercializaci\u00f3n de maquinaria innovadora, abriendo nuevas posibilidades para los peque\u00f1os productores. Historia y Valores: Con un enfoque arraigado en la equidad y [&hellip;]<\/p>\n","protected":false},"author":1,"featured_media":0,"parent":0,"menu_order":0,"comment_status":"closed","ping_status":"closed","template":"","meta":{"footnotes":""},"class_list":["post-87","page","type-page","status-publish","hentry"],"_links":{"self":[{"href":"https:\/\/tecnotex.pe\/index.php\/wp-json\/wp\/v2\/pages\/87","targetHints":{"allow":["GET"]}}],"collection":[{"href":"https:\/\/tecnotex.pe\/index.php\/wp-json\/wp\/v2\/pages"}],"about":[{"href":"https:\/\/tecnotex.pe\/index.php\/wp-json\/wp\/v2\/types\/page"}],"author":[{"embeddable":true,"href":"https:\/\/tecnotex.pe\/index.php\/wp-json\/wp\/v2\/users\/1"}],"replies":[{"embeddable":true,"href":"https:\/\/tecnotex.pe\/index.php\/wp-json\/wp\/v2\/comments?post=87"}],"version-history":[{"count":22,"href":"https:\/\/tecnotex.pe\/index.php\/wp-json\/wp\/v2\/pages\/87\/revisions"}],"predecessor-version":[{"id":185,"href":"https:\/\/tecnotex.pe\/index.php\/wp-json\/wp\/v2\/pages\/87\/revisions\/185"}],"wp:attachment":[{"href":"https:\/\/tecnotex.pe\/index.php\/wp-json\/wp\/v2\/media?parent=87"}],"curies":[{"name":"wp","href":"https:\/\/api.w.org\/{rel}","templated":true}]}}