{"id":137,"date":"2023-12-15T10:02:51","date_gmt":"2023-12-15T15:02:51","guid":{"rendered":"https:\/\/tecnotex.pe\/?post_type=product&#038;p=137"},"modified":"2025-05-12T10:52:46","modified_gmt":"2025-05-12T15:52:46","slug":"maquina-mavilladora","status":"publish","type":"product","link":"https:\/\/tecnotex.pe\/index.php\/product\/maquina-mavilladora\/","title":{"rendered":"M\u00e1quina Mavilladora"},"content":{"rendered":"<p>Est\u00e1 dise\u00f1ada para realizar de forma eficiente el ovillado y el madejado de hilados, incluyendo la funci\u00f3n de reversa. Es una soluci\u00f3n pr\u00e1ctica y robusta para peque\u00f1os y medianos productores del sector textil.<\/p>\n<p>ESPECIFICACIONES<br \/>\nMarca: TecnoTex<br \/>\nFunci\u00f3n: Ovillado y madejado (con funci\u00f3n de reversa)<br \/>\nDimensiones (cm): Alto 150 x Ancho50 x Largo 50<br \/>\nPeso: 20 kg<br \/>\nAlimentaci\u00f3n el\u00e9ctrica: Motor ahorrador 220 V<br \/>\nCapacidad de trabajo: 2 kg por hora<br \/>\nMaterial: Estructura met\u00e1lica resistente<\/p>\n<p>CARACTER\u00cdSTICAS<br \/>\nDise\u00f1o compacto y funcional<br \/>\nDoble funci\u00f3n: ovillado y madejado en una sola m\u00e1quina<br \/>\nSistema con reversa para mayor control del proceso<br \/>\nBajo consumo energ\u00e9tico<br \/>\nIdeal para talleres textiles artesanales e industriales<\/p>\n","protected":false},"excerpt":{"rendered":"<p>Est\u00e1 dise\u00f1ada para realizar de forma eficiente el ovillado y el madejado de hilados, incluyendo la funci\u00f3n de reversa. Es una soluci\u00f3n pr\u00e1ctica y robusta para peque\u00f1os y medianos productores del sector textil. ESPECIFICACIONES Marca: TecnoTex Funci\u00f3n: Ovillado y madejado (con funci\u00f3n de reversa) Dimensiones (cm): Alto 150 x Ancho50 [&hellip;]<\/p>\n","protected":false},"featured_media":196,"comment_status":"open","ping_status":"closed","template":"","meta":[],"product_brand":[],"product_cat":[19,25],"product_tag":[],"class_list":{"0":"post-137","1":"product","2":"type-product","3":"status-publish","4":"has-post-thumbnail","6":"product_cat-maquinaria-para-hilado","7":"product_cat-planta-semindustrial","9":"first","10":"instock","11":"shipping-taxable","12":"purchasable","13":"product-type-simple"},"_links":{"self":[{"href":"https:\/\/tecnotex.pe\/index.php\/wp-json\/wp\/v2\/product\/137","targetHints":{"allow":["GET"]}}],"collection":[{"href":"https:\/\/tecnotex.pe\/index.php\/wp-json\/wp\/v2\/product"}],"about":[{"href":"https:\/\/tecnotex.pe\/index.php\/wp-json\/wp\/v2\/types\/product"}],"replies":[{"embeddable":true,"href":"https:\/\/tecnotex.pe\/index.php\/wp-json\/wp\/v2\/comments?post=137"}],"wp:featuredmedia":[{"embeddable":true,"href":"https:\/\/tecnotex.pe\/index.php\/wp-json\/wp\/v2\/media\/196"}],"wp:attachment":[{"href":"https:\/\/tecnotex.pe\/index.php\/wp-json\/wp\/v2\/media?parent=137"}],"wp:term":[{"taxonomy":"product_brand","embeddable":true,"href":"https:\/\/tecnotex.pe\/index.php\/wp-json\/wp\/v2\/product_brand?post=137"},{"taxonomy":"product_cat","embeddable":true,"href":"https:\/\/tecnotex.pe\/index.php\/wp-json\/wp\/v2\/product_cat?post=137"},{"taxonomy":"product_tag","embeddable":true,"href":"https:\/\/tecnotex.pe\/index.php\/wp-json\/wp\/v2\/product_tag?post=137"}],"curies":[{"name":"wp","href":"https:\/\/api.w.org\/{rel}","templated":true}]}}