{"id":209,"date":"2025-05-12T11:16:08","date_gmt":"2025-05-12T16:16:08","guid":{"rendered":"https:\/\/tecnotex.pe\/?post_type=product&#038;p=209"},"modified":"2025-05-12T11:18:16","modified_gmt":"2025-05-12T16:18:16","slug":"maquina-hiladora-ecologica-v2","status":"publish","type":"product","link":"https:\/\/tecnotex.pe\/index.php\/product\/maquina-hiladora-ecologica-v2\/","title":{"rendered":"M\u00e1quina Hiladora Ecol\u00f3gica V2"},"content":{"rendered":"<p>La hiladora es una soluci\u00f3n port\u00e1til y eficiente para el torcido e hilado de fibras. Dise\u00f1ada con materiales resistentes y equipada para funcionar tanto con energ\u00eda convencional como con panel solar, es ideal para productores textiles que buscan autonom\u00eda energ\u00e9tica y precisi\u00f3n en el proceso.<\/p>\n<p>ESPECIFICACIONES<br \/>\nModelo: HE3<br \/>\nMaterial de estructura: Melamina de 18 mm<br \/>\nMotor: 12 voltios<br \/>\nFuente de energ\u00eda: Panel solar de 10 watts o corriente convencional (adaptador 220V)<br \/>\nComponentes adicionales: Poleas de madera, escobilla, correa, crochet<br \/>\nDimensiones (cm): Largo 22.2 x Ancho 15.4 x Alto 34<br \/>\nPeso: 3 kg<\/p>\n<p>CARACTER\u00cdSTICAS<br \/>\nFunci\u00f3n de doble sentido para torcido e hilado.<br \/>\nVelocidad regulable de forma incremental.<br \/>\nFuncionamiento h\u00edbrido: panel solar o energ\u00eda convencional.<br \/>\nF\u00e1cil de transportar por su tama\u00f1o compacto y peso ligero.<br \/>\nEstabilidad garantizada por su estructura y peso.<br \/>\nFino acabado y dise\u00f1o funcional para trabajo continuo.<br \/>\nIncluye accesorios para su operatividad inmediata.<\/p>\n","protected":false},"excerpt":{"rendered":"<p>La hiladora es una soluci\u00f3n port\u00e1til y eficiente para el torcido e hilado de fibras. Dise\u00f1ada con materiales resistentes y equipada para funcionar tanto con energ\u00eda convencional como con panel solar, es ideal para productores textiles que buscan autonom\u00eda energ\u00e9tica y precisi\u00f3n en el proceso. ESPECIFICACIONES Modelo: HE3 Material de [&hellip;]<\/p>\n","protected":false},"featured_media":210,"comment_status":"open","ping_status":"closed","template":"","meta":[],"product_brand":[],"product_cat":[19,24,25],"product_tag":[],"class_list":{"0":"post-209","1":"product","2":"type-product","3":"status-publish","4":"has-post-thumbnail","6":"product_cat-maquinaria-para-hilado","7":"product_cat-planta-familiar","8":"product_cat-planta-semindustrial","10":"first","11":"instock","12":"shipping-taxable","13":"purchasable","14":"product-type-simple"},"_links":{"self":[{"href":"https:\/\/tecnotex.pe\/index.php\/wp-json\/wp\/v2\/product\/209","targetHints":{"allow":["GET"]}}],"collection":[{"href":"https:\/\/tecnotex.pe\/index.php\/wp-json\/wp\/v2\/product"}],"about":[{"href":"https:\/\/tecnotex.pe\/index.php\/wp-json\/wp\/v2\/types\/product"}],"replies":[{"embeddable":true,"href":"https:\/\/tecnotex.pe\/index.php\/wp-json\/wp\/v2\/comments?post=209"}],"wp:featuredmedia":[{"embeddable":true,"href":"https:\/\/tecnotex.pe\/index.php\/wp-json\/wp\/v2\/media\/210"}],"wp:attachment":[{"href":"https:\/\/tecnotex.pe\/index.php\/wp-json\/wp\/v2\/media?parent=209"}],"wp:term":[{"taxonomy":"product_brand","embeddable":true,"href":"https:\/\/tecnotex.pe\/index.php\/wp-json\/wp\/v2\/product_brand?post=209"},{"taxonomy":"product_cat","embeddable":true,"href":"https:\/\/tecnotex.pe\/index.php\/wp-json\/wp\/v2\/product_cat?post=209"},{"taxonomy":"product_tag","embeddable":true,"href":"https:\/\/tecnotex.pe\/index.php\/wp-json\/wp\/v2\/product_tag?post=209"}],"curies":[{"name":"wp","href":"https:\/\/api.w.org\/{rel}","templated":true}]}}