{"id":212,"date":"2025-05-12T12:38:16","date_gmt":"2025-05-12T17:38:16","guid":{"rendered":"https:\/\/tecnotex.pe\/?post_type=product&#038;p=212"},"modified":"2025-05-12T12:48:04","modified_gmt":"2025-05-12T17:48:04","slug":"maquina-mini-escarmenadora","status":"publish","type":"product","link":"https:\/\/tecnotex.pe\/index.php\/product\/maquina-mini-escarmenadora\/","title":{"rendered":"M\u00e1quina Mini Escarmenadora"},"content":{"rendered":"<p>La M\u00e1quina Mini Escarmenadora MME de TecnoTex es ideal para peque\u00f1os productores que requieren un proceso eficiente de limpieza y apertura de fibras como la alpaca. Compacta, funcional y de f\u00e1cil mantenimiento, permite mejorar la calidad de la fibra en la etapa inicial de procesamiento.<\/p>\n<p>ESPECIFICACIONES<br \/>\nMarca: TecnoTex<br \/>\nModelo: MME<br \/>\nCondici\u00f3n: Nueva<br \/>\nFabricaci\u00f3n: 2023<br \/>\nCapacidad de producci\u00f3n: 0.5 kg por hora<br \/>\nDimensiones de la m\u00e1quina: Largo 74 cm x Ancho 40 cm x Alto 73 cm<br \/>\nDimensiones de la canasta: Largo 50 cm x Ancho 45 cm x Alto 77 cm<br \/>\nMaterial: Fierro angular de 38 x 38 mm (espesor 3 mm)<br \/>\nRodillos: 2 peque\u00f1os y 1 grande con p\u00faas<br \/>\nMotores: 1 motor AC con velocidad regulable y 1 mini motoreductor CC<br \/>\nPoleas: De aluminio<\/p>\n<p>CARACTER\u00cdSTICAS<br \/>\nAbre y limpia la fibra de alpaca<br \/>\nResiduos se depositan en bandeja inferior<br \/>\nFibra parcialmente limpia es recolectada en la canasta<br \/>\nDise\u00f1o compacto y funcional<br \/>\nVelocidad ajustable para diferentes tipos de fibra<br \/>\nEstructura resistente para trabajo continuo<br \/>\nF\u00e1cil de operar y mantener<\/p>\n<p>MANTENIMIENTO SUGERIDO<br \/>\nRevisi\u00f3n general cada 2 meses en caso de uso frecuente<\/p>\n","protected":false},"excerpt":{"rendered":"<p>La M\u00e1quina Mini Escarmenadora MME de TecnoTex es ideal para peque\u00f1os productores que requieren un proceso eficiente de limpieza y apertura de fibras como la alpaca. Compacta, funcional y de f\u00e1cil mantenimiento, permite mejorar la calidad de la fibra en la etapa inicial de procesamiento. ESPECIFICACIONES Marca: TecnoTex Modelo: MME [&hellip;]<\/p>\n","protected":false},"featured_media":200,"comment_status":"open","ping_status":"closed","template":"","meta":[],"product_brand":[],"product_cat":[19,25],"product_tag":[],"class_list":{"0":"post-212","1":"product","2":"type-product","3":"status-publish","4":"has-post-thumbnail","6":"product_cat-maquinaria-para-hilado","7":"product_cat-planta-semindustrial","9":"first","10":"instock","11":"shipping-taxable","12":"purchasable","13":"product-type-simple"},"_links":{"self":[{"href":"https:\/\/tecnotex.pe\/index.php\/wp-json\/wp\/v2\/product\/212","targetHints":{"allow":["GET"]}}],"collection":[{"href":"https:\/\/tecnotex.pe\/index.php\/wp-json\/wp\/v2\/product"}],"about":[{"href":"https:\/\/tecnotex.pe\/index.php\/wp-json\/wp\/v2\/types\/product"}],"replies":[{"embeddable":true,"href":"https:\/\/tecnotex.pe\/index.php\/wp-json\/wp\/v2\/comments?post=212"}],"wp:featuredmedia":[{"embeddable":true,"href":"https:\/\/tecnotex.pe\/index.php\/wp-json\/wp\/v2\/media\/200"}],"wp:attachment":[{"href":"https:\/\/tecnotex.pe\/index.php\/wp-json\/wp\/v2\/media?parent=212"}],"wp:term":[{"taxonomy":"product_brand","embeddable":true,"href":"https:\/\/tecnotex.pe\/index.php\/wp-json\/wp\/v2\/product_brand?post=212"},{"taxonomy":"product_cat","embeddable":true,"href":"https:\/\/tecnotex.pe\/index.php\/wp-json\/wp\/v2\/product_cat?post=212"},{"taxonomy":"product_tag","embeddable":true,"href":"https:\/\/tecnotex.pe\/index.php\/wp-json\/wp\/v2\/product_tag?post=212"}],"curies":[{"name":"wp","href":"https:\/\/api.w.org\/{rel}","templated":true}]}}